{"id":1667,"date":"2023-04-04T23:57:31","date_gmt":"2023-04-04T23:57:31","guid":{"rendered":"https:\/\/galofrando.com\/wp\/?page_id=1667"},"modified":"2023-04-05T16:39:04","modified_gmt":"2023-04-05T16:39:04","slug":"asi-soy","status":"publish","type":"page","link":"https:\/\/galofrando.com\/wp\/asi-soy\/","title":{"rendered":"As\u00ed soy"},"content":{"rendered":"\n\n\n<h3>LA BIO (M\u00c1S O MENOS)<\/h3>\n\n\n\n\n\n\n\n\n\n<h4>\u00bfY QUI\u00c9N ES ESE TAL MALPICA?<\/h4>\n\n\n<p style=\"text-align: left;\">Bueno&#8230; la verdad es que mucho de lo que hace falta saber de m\u00ed lo encuentras en este mismo sitio. Pero tambi\u00e9n es cierto que a lo mejor quieres saber un poco m\u00e1s.&nbsp;<\/p>\n\n\n<p>No es que sea muy interesante, pero entiendo que a lo mejor te lo pidieron para una tarea.<\/p>\n\n<p>&nbsp;O tal vez, simplemente, te va a tocar leer la rese\u00f1a de autor el d\u00eda que vaya a tu escuela.&nbsp;<\/p>\n<p>Siempre, claro, puedes leer lo que encuentres en internet.<\/p>\nPor ejemplo, lo que sale en la wikipedia:&nbsp;\n<p><a href=\"https:\/\/es.wikipedia.org\/wiki\/Antonio_Malpica\">https:\/\/es.wikipedia.org\/wiki\/Antonio_Malpica<\/a><\/p>\n<p>O bien, lo que sale en algunos otros lados:&nbsp;<\/p>\n<a href= \"http:\/\/www.elem.mx\/autor\/datos\/1414\">http:\/\/www.elem.mx\/autor\/datos\/1414<\/a>\n<p>Aunque&#8230; qu\u00e9 mejor que tener a la mano una semblanza proporcionada por el propio autor. O sea, yo. Je. &nbsp;<\/p>\n<p>Aqu\u00ed mismo te pongo tres semblanzas.&nbsp; Dos basstante serias y una m\u00e1s, de cotorreo.<\/p>\n<p>(A m\u00ed me gusta m\u00e1s la de cotorreo).&nbsp; Usa la que t\u00fa quieras.<\/p>\n\n\n\n\n\n<p>&nbsp;<\/p>\n\n\n\n\n\n<p>To\u00f1o Malpica<\/p>\n<p class=\"MsoNormal\"><span lang=\"ES-MX\">De chico quer\u00eda ser vaquero. Luego creci\u00f3\n(poco) y decidi\u00f3 que mejor ser\u00eda bombero. Pas\u00f3 el tiempo (bastante) y, aunque\nya estaba muy encari\u00f1ado con un piano que le heredaron, opt\u00f3 por estudiar\nIngenier\u00eda en computaci\u00f3n. Ah\u00ed, en la UNAM, descubri\u00f3 que su filiaci\u00f3n puma era\nm\u00e1s que un capricho futbolero y que su vocaci\u00f3n en la vida, definitivamente, no\neran los sistemas. Termin\u00f3 la carrera y trabaj\u00f3 desde analista programador\n(siendo muy infeliz) hasta ser socio de su propia empresa (siendo a\u00fan m\u00e1s\ninfeliz). En el \u00ednterin, no obstante, descubri\u00f3 que escribir teatro al lado de\nsu hermano era una excelente forma de huirle al siquiatra. Continu\u00f3 en la\ndramaturgia coautoral hasta que se despert\u00f3 en su interior el amodorrado y traicionero\ngusanito de la narrativa. As\u00ed pues, escribi\u00f3 varias novelas hasta poder ver\npublicadas las dos primeras, una para ni\u00f1os y otra para grandes. Cuando decidi\u00f3\ncerrar su empresa y vagar por el mundo (d\u00edgase que se cas\u00f3 y lo corrieron de su\ncasa), descubri\u00f3 tambi\u00e9n que se puede ser feliz aunque no sepas qu\u00e9 vas a comer\nla semana entrante. Hoy en d\u00eda se complace poniendo \u201cEscritor\u201d en sus tarjetas\nde presentaci\u00f3n porque, en efecto, es eso lo que lo hace m\u00e1s dichoso (adem\u00e1s de\nlos tacos al pastor, el caf\u00e9, el jazz, ver la tele con su esposa y jugar con\nsus hijos). Ha ganado varios premios literarios y tiene m\u00e1s de sesenta libros\npublicados (en su mayor\u00eda de LIJ), pero sigue pensando que cualquier d\u00eda de\nestos se le vuelve a meter en la cabeza lo de ser vaquero o bombero (ser\u00e1\nporque, en el fondo, para eso escribe: para ser muchas personas sin tener que\nrentar muchos disfraces), as\u00ed que vale la pena tenerlo vigilado. Como dato\ncurioso podemos mencionar que, aunque ya anda en los cincuenta y varios, es fan\nde Phineas Flynn, Kick Butowski y Dipper Pines. Escribe teatro y toca el piano\n(todav\u00eda), ama a Borges (c\u00f3mo no) y prefiere las pel\u00edculas a las series (por mucho).<\/span><\/p>\n\n\n\n\n\n\n<p>Antonio Malpica<\/p>\n<p class=\"MsoNormal\"><span lang=\"ES-MX\" style=\"font-size:12.0pt;mso-bidi-font-size:\n10.0pt;mso-ansi-language:ES-MX\">Nace en la Ciudad de M\u00e9xico en marzo de 1967. En\n1989 termina la carrera de Ingenier\u00eda en Computaci\u00f3n en la UNAM pero pronto se\nda cuenta de que lo hace m\u00e1s feliz contar historias, as\u00ed que empieza a hacer\nteatro con su hermano Javier. En 2001 publica su primera novela para grandes,\n\u201cEl impostor\u201d; y la primera para chicos, \u201cLas mejores alas\u201d. Tiene varias\nnovelas infantiles y juveniles publicadas y ha recibido diversos\nreconocimientos por ellas, como el Premio \u201cGran Angular\u201d de Literatura Juvenil,\n\u201cEl Barco de Vapor\u201d de Literatura Infantil, el Premio de Novela Breve \u201cRosario\nCastellanos\u201d, el de Novela Negra \u201cUna vuelta de tuerca\u201d y el Premio\nInternacional Norma de LIJ. Ha formado parte del Sistema Nacional de Creadores . Fue el primer mexicano en obtener el\nPremio Iberoamericano SM de literatura infantil y juvenil, auspiciado por la\nFundaci\u00f3n SM, IBBY y el CERLALC, entre otros. Sus obras m\u00e1s recientes son \u201cPrincipio\ny Fin\u201d \u00faltimo y quinto libro de la saga \u201cEl libro de los h\u00e9roes\u201d, el libro\nilustrado \u201cDulce y Meg\u201d y las novelas \u201cFrankie\u201d e \u201cInvasi\u00f3n Extraterrestre\u201d.<\/span><\/p>\n\n\n\n\n\n\nAntonio Malpica\n<p class=\"MsoNormal\"><span lang=\"ES-MX\" style=\"font-size:12.0pt;mso-bidi-font-size:\n10.0pt;mso-ansi-language:ES-MX\">(Ciudad de M\u00e9xico, 1967)<o:p><\/o:p><\/span><\/p>\n\n<p class=\"MsoNormal\"><span lang=\"ES-MX\" style=\"font-size:12.0pt;mso-bidi-font-size:\n10.0pt;mso-ansi-language:ES-MX\">&nbsp;<\/span><\/p>\n\n<p class=\"MsoNormal\" style=\"line-height:200%\"><span lang=\"ES-MX\" style=\"font-size:\n12.0pt;mso-bidi-font-size:10.0pt;line-height:200%;mso-ansi-language:ES-MX\">Aunque\nestudi\u00f3 ingenier\u00eda en computaci\u00f3n en la UNAM y trabaj\u00f3 durante varios a\u00f1os en\nel \u00e1rea de sistemas de m\u00faltiples empresas, encontr\u00f3 su verdadera vocaci\u00f3n en\nlas letras, disciplina que ha desempe\u00f1ado como dramaturgo, cuentista y\nnovelista, prefiriendo pr\u00e1cticamente desde sus inicios la narrativa para ni\u00f1os\ny j\u00f3venes. En 2001 publica su primera novela para adultos, \u201cEl impostor\u201d y la\nprimera para chicos, \u201cLas mejores alas\u201d, iniciando as\u00ed su carrera como escritor,\nen la que vale la pena destacar que cuenta ya con m\u00e1s de 60 libros de su\nautor\u00eda. A lo largo de los a\u00f1os ha sido reconocido con diversos premios, como\nel Barco de Vapor (2007), el Gran Angular (2003, 2005 y 2011), el Castillo de\nla Lectura (2004), el Premio Internacional Norma (2011), el White Ravens\n(2013 y 2021), el Cuatrogatos (2014 y 2017) y el Premio Iberoamericano SM de LIJ por\nsu trayectoria (2015). Igualmente ha sido merecedor del Premio Rosario\nCastellanos de Novela Breve (2002 y 2003) y Una vuelta de Tuerca de Novela\nNegra (2007). Sus obras m\u00e1s recientes son \u201cPrincipio y Fin\u201d \u00faltimo libro de la\nsaga \u201cEl libro de los h\u00e9roes\u201d, que cuenta con cinco vol\u00famenes, el libro\nilustrado \u201cDulce y Meg\u201d, la novela juvenil \u201cEl bosque, la noche y el viento\u201d y la\nnovela infantil \u201cInvasi\u00f3n Extraterrestre\u201d. Durante seis a\u00f1os coordin\u00f3 el taller\nde novela hist\u00f3rica del Diplomado de Novela Hist\u00f3rica a cargo de la UIA y el\nMuseo Nacional de Historia. Ha impartido talleres para el INBA, el Claustro de\nSor Juana y otras instituciones p\u00fablicas y privadas. Toca el piano en un grupo de m\u00fasica para ni\u00f1os y ocasionalmente por su cuenta.<o:p><\/o:p><\/span><\/p>\n\n\n\n\n\n\n\n\n<h5>P\u00c1SALE A LO BARRIDO<\/h5>\nCuando tuve el tremendo honor y la todav\u00eda mayor fortuna de ganar el Premio Iberoamericano SM de Literatura Infantil y Juvenil, me hicieron este vide\u00edto donde medio te puedes dar una idea de qui\u00e9n es este se\u00f1or de la p\u00e1gina que visitas.\n<p>\u00c9chale un ojo si gustas.<\/p>\n<p>Es un video del 2015 (o sea que ya tengo bastantes m\u00e1s canas). Y mis hijos para nada los ver\u00e1s armando legos hoy en d\u00eda.&nbsp;<\/p>\n<p>Pero sirve que conoces al escritor y m\u00fasico en su h\u00e1bitat natural.<\/p>\n\n\n\n\n\n\n\n\n\n\n","protected":false},"excerpt":{"rendered":"","protected":false},"author":1,"featured_media":0,"parent":0,"menu_order":0,"comment_status":"closed","ping_status":"closed","template":"","meta":{"footnotes":""},"class_list":["post-1667","page","type-page","status-publish","hentry"],"_links":{"self":[{"href":"https:\/\/galofrando.com\/wp\/wp-json\/wp\/v2\/pages\/1667","targetHints":{"allow":["GET"]}}],"collection":[{"href":"https:\/\/galofrando.com\/wp\/wp-json\/wp\/v2\/pages"}],"about":[{"href":"https:\/\/galofrando.com\/wp\/wp-json\/wp\/v2\/types\/page"}],"author":[{"embeddable":true,"href":"https:\/\/galofrando.com\/wp\/wp-json\/wp\/v2\/users\/1"}],"replies":[{"embeddable":true,"href":"https:\/\/galofrando.com\/wp\/wp-json\/wp\/v2\/comments?post=1667"}],"version-history":[{"count":39,"href":"https:\/\/galofrando.com\/wp\/wp-json\/wp\/v2\/pages\/1667\/revisions"}],"predecessor-version":[{"id":1713,"href":"https:\/\/galofrando.com\/wp\/wp-json\/wp\/v2\/pages\/1667\/revisions\/1713"}],"wp:attachment":[{"href":"https:\/\/galofrando.com\/wp\/wp-json\/wp\/v2\/media?parent=1667"}],"curies":[{"name":"wp","href":"https:\/\/api.w.org\/{rel}","templated":true}]}}