{"id":228,"date":"2022-02-08T22:46:50","date_gmt":"2022-02-08T22:46:50","guid":{"rendered":"https:\/\/galofrando.com\/wp\/about\/"},"modified":"2022-02-11T19:02:14","modified_gmt":"2022-02-11T19:02:14","slug":"libros-ninos","status":"publish","type":"page","link":"https:\/\/galofrando.com\/wp\/libros-ninos\/","title":{"rendered":"Libros para Ni\u00f1os"},"content":{"rendered":"\r\n\r\n\r\n\r\n\r\n\r\n\r\n<h3>LIBROS PARA NI\u00d1OS<\/h3>\r\n\r\n\r\n\r\n\r\n\r\n\r\n\r\n\r\n\r\n<p>nnnnnn<\/p>\r\n\r\n\r\n\r\n\r\n\r\n<h4>escribir para la infancia<\/h4>\r\n\r\n\r\n\r\n<p style=\"text-align: left;\">Honestamente, no es f\u00e1cil. Pero tampoco dif\u00edcil. <br \/>A ver si me puedo explicar. <br \/>Cuando escribes para ni\u00f1os te diviertes un mont\u00f3n, pero tambi\u00e9n tienes que tom\u00e1rtelo en serio. O corres el peligro de hacerlo mal. <br \/>Ok, pero&#8230; \u00bfentonces hay un modo correcto de escribir para ni\u00f1os?<br \/>Buena pregunta. En mi opini\u00f3n, hay que divertirse, hay que contar la historia sin dar mucha vuelta&#8230; y no hay que perder de vista que del otro lado hay un chamaco. (Uno muy listo. Siempre).<\/p>\r\n\r\n\r\n\r\n\r\n\r\n\r\n\r\n\r\n\r\n<a href='#APOSTAR' style= 'color: #bdac8eff; font-size: 22px;'>Apostar el resto&nbsp;<\/a><a href='#CIRCULO' style= 'color: #bdac8eff; font-size: 25px;'>El c\u00edrculo&nbsp;<\/a><a href='#CRITICO' style= 'color: #bdac8eff; font-size: 22px;'>El Cr\u00edtico&nbsp;<\/a><a href='#IMPOSTOR' style= 'color: #bdac8eff; font-size: 19px;'>El impostor&nbsp;<\/a><a href='#LAGRIMA2' style= 'color: #bdac8eff; font-size: 22px;'>La l\u00e1grima del Buda&nbsp;<\/a><a href='#MALDITA' style= 'color: #bdac8eff; font-size: 25px;'>La maldita novela&nbsp;<\/a><a href='#NENA' style= 'color: #bdac8eff; font-size: 16px;'>La nena y el mar&nbsp;<\/a><a href='#ELEMENTOS' style= 'color: #bdac8eff; font-size: 25px;'>Los elementos del jazz&nbsp;<\/a><a href='#SEMANA' style= 'color: #bdac8eff; font-size: 19px;'>Semana holandesa&nbsp;<\/a>\r\n\r\n\r\n\r\n\r\n\r\n\r\n\r\n\r\n\r\n<img src='http:\/\/www.galofrando.com\/Imagenes\/REG_APOSTAR.jpg' width=120 style= 'border: 2px solid #555; margin: 0px 15px; float:left;'><a name=APOSTAR><h5>Apostar el resto<\/h5><\/a><hr size=1> <br><div style= 'text-align: justify;'><p>Acaso la novela para adultos a la que le tengo m\u00e1s cari\u00f1o. Quer\u00eda escribir una novela negra en la que los protagonistas estuvieran del lado de los malos y, pese a ello, no resultaran antip\u00e1ticos. Saqu\u00e9 de la chistera un tr\u00edo de nacidos para perder que, al menos a m\u00ed, me encant\u00f3 haber pincelado. Una banda de falsificadores que se enganchan en el crimen y que, un d\u00eda, deciden que si no se salen van a terminar mal. De todos modos terminan mal, claro, pero la lucha que hacen es digna de varias p\u00e1ginas de narrativa, que es de lo que se trata el libraco. Me gust\u00f3, sobre todo, el hallazgo que hice de la fuerza de la complicidad, que a ciertos niveles incluso supera a la amistad. El Fantomas, el Marrano y el Petip\u00e1 tambi\u00e9n se me aparecen con frecuencia en sue\u00f1os. Y me encanta perder al p\u00f3kar con ellos. <br><\/div><div style='text-align: right;'> <a href='#' style= 'color: #bdac8eff;'> Volver al Inicio <\/a><\/div> <br><br><br><img src='http:\/\/www.galofrando.com\/Imagenes\/REG_CIRCULO.jpg' width=120 style= 'border: 2px solid #555; margin: 0px 15px; float:left;'><a name=CIRCULO><h5>El c\u00edrculo<\/h5><\/a><hr size=1> <br><div style= 'text-align: justify;'><p>Una historia dentro de la Historia. Con todo lo que me alebresta el insomnio escribir novela hist\u00f3rica, quise escribir \u00e9sta porque se me antojaba algo policiaco con ciertos tintes g\u00f3ticos. La mejor salida que se me ocurri\u00f3 fue ubicar el crimen en 1870, plena ciudad de M\u00e9xico, cierto periodo de enga\u00f1osa calma entre el fin del segundo imperio y el porfiriato. Al final result\u00f3 en un libro que cuidamos entre varios, incluyendo una amiga historiadora y, por supuesto, los tremendos editores de Planeta (pasta con relieve y toda la cosa). Hay m\u00fasica (mucha), inquietudes filos\u00f3ficas (\u00bfexiste la bondad en el mundo?), amistad a prueba de balas y amor del bueno, todo al interior de este texto que escrib\u00ed gracias al SNCA y que me permiti\u00f3 volver, despu\u00e9s de varios a\u00f1os, al g\u00e9nero negro. Como casi todos mis textos para grandes, emprendi\u00f3 su propia cruzada a trav\u00e9s del mundo editorial para encontrar, al fin, su lugar en el mundo. Queda, pues, para la Historia.<br>\n <br><\/div><div style='text-align: right;'> <a href='#' style= 'color: #bdac8eff;'> Volver al Inicio <\/a><\/div> <br><br><br><img src='http:\/\/www.galofrando.com\/Imagenes\/REG_CRITICO.jpg' width=120 style= 'border: 2px solid #555; margin: 0px 15px; float:left;'><a name=CRITICO><h5>El Cr\u00edtico<\/h5><\/a><hr size=1> <br><div style= 'text-align: justify;'><p>Aunque apareci\u00f3 primero en una antolog\u00eda compilada por Rodolfo J.M., \"Negras Intenciones\", ahora est\u00e1 en la colecci\u00f3n \"Vientos del Pueblo\" del Fondo de Cultura Econ\u00f3mica. Un cuento irreverente y medio pasado de lanza. \u00bfHas oido la frase \"destrozado por la cr\u00edtica\"? S\u00ed, la que suele ser usada cuando alguno de esos supraterrenos y ang\u00e9licos seres, mejor conocidos como cr\u00edticos, pone del asco la obra de alg\u00fan mortal autor en sus rese\u00f1as. Pues bueno, por ah\u00ed va la cosa. \u00bfQu\u00e9 tal que uno de estos cr\u00edticos en verdad <i>despedazara<\/i> a los autores que, seg\u00fan su imparcial juicio, fueran verdaderamente malos? \u00bfQu\u00e9 tal que ning\u00fan autor, por laureado que fuese, estuviera a salvo de su aplastante cr\u00edtica? \u00a1A temblar, em\u00e9ritos colegas...!  En resumen, un divertimento que adem\u00e1s est\u00e1 muy al alcance del bolsillo (cuesta menos que una torta) y de la mano lectora (en cualquier librer\u00eda del Fondo te lo topas). Con tremendos dibujos del Monero Hern\u00e1ndez.<br><\/div><div style='text-align: right;'> <a href='#' style= 'color: #bdac8eff;'> Volver al Inicio <\/a><\/div> <br><br><br><img src='http:\/\/www.galofrando.com\/Imagenes\/REG_IMPOSTOR.jpg' width=120 style= 'border: 2px solid #555; margin: 0px 15px; float:left;'><a name=IMPOSTOR><h5>El impostor<\/h5><\/a><hr size=1> <br><div style= 'text-align: justify;'><p>Pens\u00e9 en un escenario apocal\u00edptico (oh, qu\u00e9 tipo tan original), en donde la ciudad quedara completamente devastada. Y s\u00f3lo unos cuantos sobrevivieran. Algo como lo que sugieren algunos optimistas que va a pasar si no estornudamos tap\u00e1ndonos la cara con el antebrazo. Pero, como todo lo que hago al pulsar teclas, la disfrut\u00e9 mucho y creo que es mi novela de ciencia ficci\u00f3n mejor lograda. (Y la \u00fanica publicada, o sea que tampoco es mucho decir).<br>\nLo mejor es que con esta me bautic\u00e9. Fue la primera novela m\u00eda que vi en papel (sali\u00f3 casi a la par que <i>Las mejores alas<\/i>). La recibi\u00f3 Bernardo Ruiz, gran amigo m\u00edo, en su editorial (Plan C Editores) y la apadrinaron m\u00e1s amigos m\u00edos: Alberto Chimal y Memo Vega. En el 2002 gan\u00f3 el hoy extinto Premio Sizigias a la mejor novela de CF mexicana. <br>\n   <br><\/div><div style='text-align: right;'> <a href='#' style= 'color: #bdac8eff;'> Volver al Inicio <\/a><\/div> <br><br><br><img src='http:\/\/www.galofrando.com\/Imagenes\/REG_LAGRIMA2.jpg' width=120 style= 'border: 2px solid #555; margin: 0px 15px; float:left;'><a name=LAGRIMA2><h5>La l\u00e1grima del Buda<\/h5><\/a><hr size=1> <br><div style= 'text-align: justify;'><p>Originalmente se llamaba \"Nadie escribe como Herbert Quain\". Y tambi\u00e9n es un retrato de nacidos para perder, ahora s\u00ed con una investigaci\u00f3n detectivesca m\u00e1s en forma (y un halc\u00f3n malt\u00e9s de por medio, que en este caso est\u00e1 representado por una joya valios\u00edsima), o sea, Hammet con chiles toreados. Desde luego, creo que el principal valor de la novela es la estructura, aunque los personajes tambi\u00e9n me gustan bastante. Se supon\u00eda que deb\u00eda salir en Planeta, igual que Apostar el resto, pero se hizo un merequetengue entre editoriales (digno de otra novela negra), que al final fue un aut\u00e9ntico milagro que por lo menos haya llegado a las estanter\u00edas de Educal, primero, y a las librer\u00edas de todos lados bajo el sello de Oc\u00e9ano Expr\u00e9s, despu\u00e9s. (Gracias Rogelio Villarreal por ese \u00faltimo espaldarazo).<br>\n<br>\n<a style= 'color: #bdac8eff;' href=\"http:\/\/oceano.com.mx\/obras\/la-lagrima-de-buda-antonio-malpica-15426.aspx\">VIS\u00cdTALO EN SU EDITORIAL<\/a><br>\n  <br><\/div><div style='text-align: right;'> <a href='#' style= 'color: #bdac8eff;'> Volver al Inicio <\/a><\/div> <br><br><br><img src='http:\/\/www.galofrando.com\/Imagenes\/REG_MALDITA.jpg' width=120 style= 'border: 2px solid #555; margin: 0px 15px; float:left;'><a name=MALDITA><h5>La maldita novela<\/h5><\/a><hr size=1> <br><div style= 'text-align: justify;'><p>A decir verdad, es este un texto que escrib\u00ed desde lo m\u00e1s profundo de mi coraz\u00f3n lector. S\u00e9 que suena muy azotada la frase, pero es igualmente honesta. \u00bfQui\u00e9n, que se diga lector, no cerr\u00f3 alguna vez un libro sinti\u00e9ndose cambiado por \u00e9ste? \u00bfPleno de gratitud? \u00bfCon deseos de compartirlo con el mundo entero? En esta novela exploro esa posibilidad: la de ser completamente avasallado por la belleza de un texto literario. Estamos tan acostumbrados a la belleza visual o auditiva, que olvidamos aquella que hiere m\u00e1s profundamente nuestro esp\u00edritu: la que nos doblega como un mero concepto, una idea. Esa que lleg\u00f3 a nosotros a trav\u00e9s de la raz\u00f3n, invadiendo nuestros pensamientos, pero ech\u00f3 ra\u00edces y anid\u00f3 en nuestros sentimientos. PS, un cr\u00edtico literario, lee casi por obligaci\u00f3n un texto de autor an\u00f3nimo que resulta la mejor novela jam\u00e1s escrita. Esto lo conduce a una obsesiva persecuci\u00f3n por conocer al escritor responsable y poner al alcance del mundo un libro tan asombroso. Todo lo que dicha b\u00fasqueda implica lleva a PS a ser igualmente transformado como persona y a amar y odiar por partes iguales la novela. (Exactamente como pasa, en ocasiones, con la literatura.) Como dije, un texto muy personal y muy sacado de mi azotado coraz\u00f3n lector.<br>\n<br><\/div><div style='text-align: right;'> <a href='#' style= 'color: #bdac8eff;'> Volver al Inicio <\/a><\/div> <br><br><br><img src='http:\/\/www.galofrando.com\/Imagenes\/REG_NENA.jpg' width=120 style= 'border: 2px solid #555; margin: 0px 15px; float:left;'><a name=NENA><h5>La nena y el mar<\/h5><\/a><hr size=1> <br><div style= 'text-align: justify;'><p>Me propuse el reto de contar una historia que transcurriera en una sola noche. Lo hice. Gan\u00f3 un premio en Chiapas. Y su estad\u00eda en la constelaci\u00f3n literaria fue tambi\u00e9n como de una noche. Minutos m\u00e1s, minutos menos.<br><br><br><br><br>\n <br><\/div><div style='text-align: right;'> <a href='#' style= 'color: #bdac8eff;'> Volver al Inicio <\/a><\/div> <br><br><br><img src='http:\/\/www.galofrando.com\/Imagenes\/REG_ELEMENTOS.jpg' width=120 style= 'border: 2px solid #555; margin: 0px 15px; float:left;'><a name=ELEMENTOS><h5>Los elementos del jazz<\/h5><\/a><hr size=1> <br><div style= 'text-align: justify;'><p>En realidad, un pretexto para contar una historia negra, con balazos y todo, en la que el principal protagonista fuera un ni\u00f1o que pierde la inocencia. Cada cap\u00edtulo es uno de los elementos del jazz (fraseo, improvisaci\u00f3n, etc.), de ah\u00ed el nombre. Y tampoco alcanz\u00f3 una m\u00ednima pena o una m\u00ednima gloria. (Yo mismo no pude hacerme m\u00e1s que de unos diez ejemplares).<br>\n<br><\/div><div style='text-align: right;'> <a href='#' style= 'color: #bdac8eff;'> Volver al Inicio <\/a><\/div> <br><br><br><img src='http:\/\/www.galofrando.com\/Imagenes\/REG_SEMANA.jpg' width=120 style= 'border: 2px solid #555; margin: 0px 15px; float:left;'><a name=SEMANA><h5>Semana holandesa<\/h5><\/a><hr size=1> <br><div style= 'text-align: justify;'><p>Es esta mi \u00faltima (y tal vez m\u00e1s cruda) novela negra, un g\u00e9nero en el que me he sentido muy a gusto desde mis inicios como escritor. Aunque es verdad que siempre he preferido salpicar mis historias noir con humor del mismo matiz, en esta no hay ni una pizca de comedia. Nada que ver con \"La l\u00e1grima del Buda\" o \"Apostar el resto\", para ser sincero. Aqu\u00ed puro y total drama con tonos esencialmente tr\u00e1gicos. En este libro la p\u00e9rdida de ilusiones de los personajes principales los lleva a cometer actos de verdadera infamia. Su desencanto los conduce poco a poco a una decadencia moral que me cost\u00f3 trabajo plasmar pero que, en el fondo, lleva su buena carga de reflexi\u00f3n filos\u00f3fica. (O algo as\u00ed, quiero creer). Como sea, la complejidad de dichos caracteres me permite decir que no los he construido con menos ganas y tampoco los he querido menos que a otros, s\u00f3lo que para \u00e9stos la redenci\u00f3n escapa de los l\u00edmites de la propia historia. Un texto, en resumen, duro pero no con menos coraz\u00f3n que otros m\u00edos. (Y s\u00ed, con bastantes balazos tambi\u00e9n).<br><\/div><div style='text-align: right;'> <a href='#' style= 'color: #bdac8eff;'> Volver al Inicio <\/a><\/div> <br><br><br>\r\n\r\n<p>&nbsp;<\/p>","protected":false},"excerpt":{"rendered":"<p>&nbsp;<\/p>\n","protected":false},"author":1,"featured_media":0,"parent":0,"menu_order":0,"comment_status":"closed","ping_status":"closed","template":"","meta":{"footnotes":""},"class_list":["post-228","page","type-page","status-publish","hentry"],"_links":{"self":[{"href":"https:\/\/galofrando.com\/wp\/wp-json\/wp\/v2\/pages\/228","targetHints":{"allow":["GET"]}}],"collection":[{"href":"https:\/\/galofrando.com\/wp\/wp-json\/wp\/v2\/pages"}],"about":[{"href":"https:\/\/galofrando.com\/wp\/wp-json\/wp\/v2\/types\/page"}],"author":[{"embeddable":true,"href":"https:\/\/galofrando.com\/wp\/wp-json\/wp\/v2\/users\/1"}],"replies":[{"embeddable":true,"href":"https:\/\/galofrando.com\/wp\/wp-json\/wp\/v2\/comments?post=228"}],"version-history":[{"count":48,"href":"https:\/\/galofrando.com\/wp\/wp-json\/wp\/v2\/pages\/228\/revisions"}],"predecessor-version":[{"id":353,"href":"https:\/\/galofrando.com\/wp\/wp-json\/wp\/v2\/pages\/228\/revisions\/353"}],"wp:attachment":[{"href":"https:\/\/galofrando.com\/wp\/wp-json\/wp\/v2\/media?parent=228"}],"curies":[{"name":"wp","href":"https:\/\/api.w.org\/{rel}","templated":true}]}}